{"id":960,"date":"2025-06-20T18:45:15","date_gmt":"2025-06-20T18:45:15","guid":{"rendered":"https:\/\/landingpartners.co\/?page_id=960"},"modified":"2025-08-22T02:19:26","modified_gmt":"2025-08-22T02:19:26","slug":"contacto","status":"publish","type":"page","link":"https:\/\/landingpartners.co\/fr\/contacto\/","title":{"rendered":"Contacto"},"content":{"rendered":"<div data-elementor-type=\"wp-page\" data-elementor-id=\"960\" class=\"elementor elementor-960\" data-elementor-post-type=\"page\">\n\t\t\t\t<div class=\"elementor-element elementor-element-62d57198 e-flex e-con-boxed e-con e-parent\" data-id=\"62d57198\" data-element_type=\"container\" data-e-type=\"container\" data-settings=\"{&quot;background_background&quot;:&quot;classic&quot;}\">\n\t\t\t\t\t<div class=\"e-con-inner\">\n\t\t<div class=\"elementor-element elementor-element-7a51545 e-con-full e-flex e-con e-child\" data-id=\"7a51545\" data-element_type=\"container\" data-e-type=\"container\">\n\t\t\t\t<div class=\"elementor-element elementor-element-4c8925cf elementor-widget elementor-widget-heading\" data-id=\"4c8925cf\" data-element_type=\"widget\" data-e-type=\"widget\" data-widget_type=\"heading.default\">\n\t\t\t\t<div class=\"elementor-widget-container\">\n\t\t\t\t\t<h1 class=\"elementor-heading-title elementor-size-default\">CONTACT<\/h1>\t\t\t\t<\/div>\n\t\t\t\t<\/div>\n\t\t\t\t<div class=\"elementor-element elementor-element-e744962 elementor-widget elementor-widget-heading\" data-id=\"e744962\" data-element_type=\"widget\" data-e-type=\"widget\" data-widget_type=\"heading.default\">\n\t\t\t\t<div class=\"elementor-widget-container\">\n\t\t\t\t\t<h2 class=\"elementor-heading-title elementor-size-default\">Nous r\u00e9pondons aux besoins juridiques adapt\u00e9s \u00e0 votre entreprise\n<\/h2>\t\t\t\t<\/div>\n\t\t\t\t<\/div>\n\t\t\t\t<\/div>\n\t\t\t\t\t<\/div>\n\t\t\t\t<\/div>\n\t\t<div class=\"elementor-element elementor-element-26f87724 e-flex e-con-boxed e-con e-parent\" data-id=\"26f87724\" data-element_type=\"container\" data-e-type=\"container\" data-settings=\"{&quot;background_background&quot;:&quot;classic&quot;}\">\n\t\t\t\t\t<div class=\"e-con-inner\">\n\t\t<div class=\"elementor-element elementor-element-16e0172c e-con-full e-flex e-con e-child\" data-id=\"16e0172c\" data-element_type=\"container\" data-e-type=\"container\">\n\t\t\t\t<div class=\"elementor-element elementor-element-388fd5e8 elementor-button-align-stretch elementor-widget elementor-widget-form\" data-id=\"388fd5e8\" data-element_type=\"widget\" data-e-type=\"widget\" data-settings=\"{&quot;step_next_label&quot;:&quot;Next&quot;,&quot;step_previous_label&quot;:&quot;Previous&quot;,&quot;button_width&quot;:&quot;33&quot;,&quot;step_type&quot;:&quot;number_text&quot;,&quot;step_icon_shape&quot;:&quot;circle&quot;}\" data-widget_type=\"form.default\">\n\t\t\t\t<div class=\"elementor-widget-container\">\n\t\t\t\t\t\t\t<form class=\"elementor-form\" method=\"post\" name=\"New Form\" action=\"\">\n\t\t\t<input type=\"hidden\" name=\"post_id\" value=\"960\"\/>\n\t\t\t<input type=\"hidden\" name=\"form_id\" value=\"388fd5e8\"\/>\n\t\t\t<input type=\"hidden\" name=\"referer_title\" value=\"Contacto\" \/>\n\n\t\t\t\t\t\t\t<input type=\"hidden\" name=\"queried_id\" value=\"960\"\/>\n\t\t\t\n\t\t\t<div class=\"elementor-form-fields-wrapper elementor-labels-above\">\n\t\t\t\t\t\t\t\t<div class=\"elementor-field-type-text elementor-field-group elementor-column elementor-field-group-name elementor-col-50\">\n\t\t\t\t\t\t\t\t\t\t\t\t\t<input size=\"1\" type=\"text\" name=\"form_fields[name]\" id=\"form-field-name\" class=\"elementor-field elementor-size-sm  elementor-field-textual\" placeholder=\"NOM\">\n\t\t\t\t\t\t\t\t\t\t\t<\/div>\n\t\t\t\t\t\t\t\t<div class=\"elementor-field-type-text elementor-field-group elementor-column elementor-field-group-field_bd2fe98 elementor-col-50\">\n\t\t\t\t\t\t\t\t\t\t\t\t\t<input size=\"1\" type=\"text\" name=\"form_fields[field_bd2fe98]\" id=\"form-field-field_bd2fe98\" class=\"elementor-field elementor-size-sm  elementor-field-textual\" placeholder=\"CELLULAIRE\">\n\t\t\t\t\t\t\t\t\t\t\t<\/div>\n\t\t\t\t\t\t\t\t<div class=\"elementor-field-type-email elementor-field-group elementor-column elementor-field-group-email elementor-col-100 elementor-field-required\">\n\t\t\t\t\t\t\t\t\t\t\t\t\t<input size=\"1\" type=\"email\" name=\"form_fields[email]\" id=\"form-field-email\" class=\"elementor-field elementor-size-sm  elementor-field-textual\" placeholder=\"E-MAIL\" required=\"required\">\n\t\t\t\t\t\t\t\t\t\t\t<\/div>\n\t\t\t\t\t\t\t\t<div class=\"elementor-field-type-select elementor-field-group elementor-column elementor-field-group-field_b5804bb elementor-col-100 elementor-field-required\">\n\t\t\t\t\t\t\t<div class=\"elementor-field elementor-select-wrapper remove-before\">\n\t\t\t<div class=\"select-caret-down-wrapper\">\n\t\t\t\t<svg aria-hidden=\"true\" class=\"e-font-icon-svg e-eicon-caret-down\" viewbox=\"0 0 571.4 571.4\" xmlns=\"http:\/\/www.w3.org\/2000\/svg\"><path d=\"M571 393Q571 407 561 418L311 668Q300 679 286 679T261 668L11 418Q0 407 0 393T11 368 36 357H536Q550 357 561 368T571 393Z\"><\/path><\/svg>\t\t\t<\/div>\n\t\t\t<select name=\"form_fields[field_b5804bb]\" id=\"form-field-field_b5804bb\" class=\"elementor-field-textual elementor-size-sm\" required=\"required\">\n\t\t\t\t\t\t\t\t\t<option value=\"\">LE SERVICE QUE VOUS RECHERCHEZ <\/option>\n\t\t\t\t\t\t\t\t\t<option value=\"\">CONSEILS JURIDIQUES EN MATI\u00c8RE DE CONTRATS, DE FUSIONS ET DE DROIT DES SOCI\u00c9T\u00c9S <\/option>\n\t\t\t\t\t\t\t\t\t<option value=\"\">CONSEILS JURIDIQUES SUR LA CR\u00c9ATION DE SOCI\u00c9T\u00c9S ET DE SUCCURSALES EN COLOMBIE <\/option>\n\t\t\t\t\t\t\t\t\t<option value=\"\">DROIT DU TRAVAIL, S\u00c9CURIT\u00c9 SOCIALE ET MIGRATION DE TRAVAIL <\/option>\n\t\t\t\t\t\t\t\t\t<option value=\"\">D\u00c9VELOPPEMENT D'OPPORTUNIT\u00c9S D'AFFAIRES <\/option>\n\t\t\t\t\t\t\t\t\t<option value=\"\">CONSEILS JURIDIQUES SUR LES ACHATS, VENTES ET PROJETS IMMOBILIERS EN COLOMBIE. <\/option>\n\t\t\t\t\t\t\t\t\t<option value=\"\">REPR\u00c9SENTATION JURIDIQUE DANS LES PROC\u00c9DURES JUDICIAIRES EN COLOMBIE <\/option>\n\t\t\t\t\t\t\t\t\t<option value=\"ADMINISTRACI\u00d3N Y REPRESENTACI\u00d3N DE INVERSI\u00d3N EXTRANJERA DIRECTA EN COLOMBIA \">GESTION ET REPR\u00c9SENTATION DES INVESTISSEMENTS DIRECTS \u00c9TRANGERS EN COLOMBIE <\/option>\n\t\t\t\t\t\t\t<\/select>\n\t\t<\/div>\n\t\t\t\t\t\t<\/div>\n\t\t\t\t\t\t\t\t<div class=\"elementor-field-group elementor-column elementor-field-type-submit elementor-col-33 e-form__buttons\">\n\t\t\t\t\t<button class=\"elementor-button elementor-size-sm\" type=\"submit\">\n\t\t\t\t\t\t<span class=\"elementor-button-content-wrapper\">\n\t\t\t\t\t\t\t\t\t\t\t\t\t\t\t\t\t\t\t\t\t\t<span class=\"elementor-button-text\">ENVOYER<\/span>\n\t\t\t\t\t\t\t\t\t\t\t\t\t<\/span>\n\t\t\t\t\t<\/button>\n\t\t\t\t<\/div>\n\t\t\t<\/div>\n\t\t<input type=\"hidden\" name=\"trp-form-language\" value=\"fr\"\/><\/form>\n\t\t\t\t\t\t<\/div>\n\t\t\t\t<\/div>\n\t\t\t\t<\/div>\n\t\t<div class=\"elementor-element elementor-element-213e52fc e-con-full e-flex e-con e-child\" data-id=\"213e52fc\" data-element_type=\"container\" data-e-type=\"container\">\n\t\t\t\t<div class=\"elementor-element elementor-element-7a3afe67 elementor-widget elementor-widget-heading\" data-id=\"7a3afe67\" data-element_type=\"widget\" data-e-type=\"widget\" data-widget_type=\"heading.default\">\n\t\t\t\t<div class=\"elementor-widget-container\">\n\t\t\t\t\t<h3 class=\"elementor-heading-title elementor-size-default\">PLANIFIEZ UN <br>\nAPPEL RAPIDE<\/h3>\t\t\t\t<\/div>\n\t\t\t\t<\/div>\n\t\t\t\t<div class=\"elementor-element elementor-element-f3b1c20 elementor-widget elementor-widget-text-editor\" data-id=\"f3b1c20\" data-element_type=\"widget\" data-e-type=\"widget\" data-widget_type=\"text-editor.default\">\n\t\t\t\t<div class=\"elementor-widget-container\">\n\t\t\t\t\t\t\t\t\t<p>Pr\u00eat \u00e0 investir en Colombie<br \/>avec s\u00e9curit\u00e9 et strat\u00e9gie ?<\/p><p>Veuillez fournir vos coordonn\u00e9es et nous <br \/>vous contacterons tr\u00e8s prochainement.<\/p>\t\t\t\t\t\t\t\t<\/div>\n\t\t\t\t<\/div>\n\t\t\t\t<\/div>\n\t\t\t\t\t<\/div>\n\t\t\t\t<\/div>\n\t\t\t\t<\/div>","protected":false},"excerpt":{"rendered":"<p>CONTACTO Atendemos las necesidades legales a la medida de tus negocios AGENDA UNA LLAMADA R\u00c1PIDA \u00bfListo para invertir en Colombia conseguridad y estrategia? Br\u00edndanos tus datos y muy pronto nos comunicaremos contigo.<\/p>","protected":false},"author":1,"featured_media":0,"parent":0,"menu_order":0,"comment_status":"closed","ping_status":"closed","template":"","meta":{"footnotes":""},"class_list":["post-960","page","type-page","status-publish","hentry"],"_links":{"self":[{"href":"https:\/\/landingpartners.co\/fr\/wp-json\/wp\/v2\/pages\/960","targetHints":{"allow":["GET"]}}],"collection":[{"href":"https:\/\/landingpartners.co\/fr\/wp-json\/wp\/v2\/pages"}],"about":[{"href":"https:\/\/landingpartners.co\/fr\/wp-json\/wp\/v2\/types\/page"}],"author":[{"embeddable":true,"href":"https:\/\/landingpartners.co\/fr\/wp-json\/wp\/v2\/users\/1"}],"replies":[{"embeddable":true,"href":"https:\/\/landingpartners.co\/fr\/wp-json\/wp\/v2\/comments?post=960"}],"version-history":[{"count":64,"href":"https:\/\/landingpartners.co\/fr\/wp-json\/wp\/v2\/pages\/960\/revisions"}],"predecessor-version":[{"id":2316,"href":"https:\/\/landingpartners.co\/fr\/wp-json\/wp\/v2\/pages\/960\/revisions\/2316"}],"wp:attachment":[{"href":"https:\/\/landingpartners.co\/fr\/wp-json\/wp\/v2\/media?parent=960"}],"curies":[{"name":"wp","href":"https:\/\/api.w.org\/{rel}","templated":true}]}}