{"id":2032,"date":"2025-08-04T21:47:22","date_gmt":"2025-08-04T21:47:22","guid":{"rendered":"https:\/\/landingpartners.co\/?page_id=2032"},"modified":"2025-08-05T15:10:28","modified_gmt":"2025-08-05T15:10:28","slug":"politica-de-tratamiento-de-datos-personales","status":"publish","type":"page","link":"https:\/\/landingpartners.co\/fr\/politica-de-tratamiento-de-datos-personales\/","title":{"rendered":"Politique de traitement des donn\u00e9es personnelles"},"content":{"rendered":"<div data-elementor-type=\"wp-page\" data-elementor-id=\"2032\" class=\"elementor elementor-2032\" data-elementor-post-type=\"page\">\n\t\t\t\t<div class=\"elementor-element elementor-element-7a2e754 e-flex e-con-boxed e-con e-parent\" data-id=\"7a2e754\" data-element_type=\"container\" data-e-type=\"container\" data-settings=\"{&quot;background_background&quot;:&quot;classic&quot;}\">\n\t\t\t\t\t<div class=\"e-con-inner\">\n\t\t\t\t<div class=\"elementor-element elementor-element-7eaedc8 elementor-widget elementor-widget-heading\" data-id=\"7eaedc8\" data-element_type=\"widget\" data-e-type=\"widget\" data-widget_type=\"heading.default\">\n\t\t\t\t<div class=\"elementor-widget-container\">\n\t\t\t\t\t<h2 class=\"elementor-heading-title elementor-size-default\">Politique de traitement des donn\u00e9es personnelles<\/h2>\t\t\t\t<\/div>\n\t\t\t\t<\/div>\n\t\t\t\t<div class=\"elementor-element elementor-element-f55b288 elementor-widget elementor-widget-text-editor\" data-id=\"f55b288\" data-element_type=\"widget\" data-e-type=\"widget\" data-widget_type=\"text-editor.default\">\n\t\t\t\t<div class=\"elementor-widget-container\">\n\t\t\t\t\t\t\t\t\t<p>Par le pr\u00e9sent document, LANDING PARTNERS S.A.S., en conformit\u00e9 avec les dispositions de la Loi 1581 de 2012 et du D\u00e9cret 1377 de 2013, \u00e9tablit la Politique de Traitement des Donn\u00e9es Personnelles (ci-apr\u00e8s la \u00ab Politique \u00bb), \u00e0 travers laquelle seront d\u00e9finis les crit\u00e8res pour leur collecte, stockage, utilisation, circulation et suppression. Cela afin de garantir le droit constitutionnel de toute personne \u00e0 conna\u00eetre, actualiser et rectifier les informations que LANDING PARTNERS S.A.S. aurait collect\u00e9es \u00e0 son sujet ou re\u00e7ues dans le cadre de l'exercice ordinaire de son objet social. Aux fins de cette Politique de Traitement des Donn\u00e9es Personnelles, LANDING PARTNERS S.A.S. sera le Responsable du traitement et de l'application de ladite politique.<\/p>\n<p><strong>1. IDENTIFICATION DU RESPONSABLE DU TRAITEMENT DES DONN\u00c9ES PERSONNELLES&nbsp;<\/strong><strong>PERSONALES<br><\/strong><br><strong>1.1 RESPONSABLE DU TRAITEMENT DES DONN\u00c9ES<\/strong><br>L\u2019entit\u00e9 responsable et charg\u00e9e du traitement des donn\u00e9es personnelles consign\u00e9es dans les bases de donn\u00e9es est LANDING PARTNERS S.A.S., identifi\u00e9e par le NIT 901551891 (ci-apr\u00e8s \u00ab LANDING PARTNERS \u00bb), dont le si\u00e8ge principal se situe dans la ville d\u2019Envigado. Les coordonn\u00e9es du responsable du traitement des donn\u00e9es personnelles sont :<\/p>\n<p><strong>Site web :<\/strong> www.landingpartners.co<br><strong>Adresse e-mail :<\/strong> andres.rincon@landingpartners.co<\/p>\n<p><strong>1.2 PORT\u00c9E<\/strong><br>LANDING PARTNERS garantit que tous ses employ\u00e9s ou personnes li\u00e9es connaissent et s'engagent \u00e0 respecter cette Politique. De m\u00eame, elle m\u00e8nera les actions de formation, de mise \u00e0 jour et de diffusion n\u00e9cessaires afin que ses collaborateurs respectent la Politique de Traitement.<\/p>\n<p><strong>2. TRAITEMENT ET FINALIT\u00c9 DU TRAITEMENT DES DONN\u00c9ES PERSONNELLES<\/strong><br><strong>2.1 COLLECTE<br><\/strong><br>LANDING PARTNERS collectera des informations personnelles de ses utilisateurs \u00e0 l\u2019occasion de l\u2019utilisation et des interactions sur le site www.landingpartners.co ou lors des diff\u00e9rents \u00e9v\u00e9nements ou activit\u00e9s qu\u2019elle organise. Ces informations sont collect\u00e9es par des moyens \u00e9lectroniques ou physiques, tels que des formulaires ou des enqu\u00eates, et peuvent inclure, sans s\u2019y limiter : noms, num\u00e9ros de t\u00e9l\u00e9phone, num\u00e9ros d\u2019identification, adresses e-mail, ville de r\u00e9sidence, centres d\u2019int\u00e9r\u00eat et autres donn\u00e9es de contact n\u00e9cessaires \u00e0 l\u2019utilisation du site web de LANDING PARTNERS.<\/p>\n<p><strong>2.2 TRAITEMENT<br><\/strong><br>Les informations contenues dans les bases de donn\u00e9es de LANDING PARTNERS feront l'objet de diff\u00e9rentes formes de traitement, telles que la collecte, l\u2019\u00e9change, la mise \u00e0 jour, le traitement, la reproduction, la compilation, le stockage, l\u2019utilisation, la syst\u00e9matisation et l\u2019organisation, que ce soit partiellement ou int\u00e9gralement.<\/p>\n<p>LANDING&nbsp;<span style=\"font-size: 1rem;\">PARTNERS traitera toujours les donn\u00e9es dans le strict respect des finalit\u00e9s&nbsp;<\/span><span style=\"font-size: 1rem;\">autoris\u00e9es par la Personne concern\u00e9e. En cas de collecte de Donn\u00e9es&nbsp;<\/span><span style=\"font-size: 1rem;\">sensibles, elles seront trait\u00e9es strictement aux fins autoris\u00e9es&nbsp;<\/span><span style=\"font-size: 1rem;\">par la Personne concern\u00e9e, qui aura le droit de d\u00e9cider de fournir ou non les informations consid\u00e9r\u00e9es&nbsp;<\/span><span style=\"font-size: 1rem;\">comme sensibles. De plus, la collecte de Donn\u00e9es sensibles sera effectu\u00e9e conform\u00e9ment&nbsp;<\/span><span style=\"font-size: 1rem;\">comme sensibles. De plus, la collecte de Donn\u00e9es sensibles sera effectu\u00e9e conform\u00e9ment<\/span><\/p>\n<p>2.3 FINALIT\u00c9<\/p>\n<p>LANDING PARTNERS collectera les donn\u00e9es personnelles des utilisateurs qui naviguent, utilisent et s\u2019inscrivent sur sa plateforme dans le but de les stocker, d\u2019en faire usage et de les faire circuler pour les finalit\u00e9s suivantes :<\/p>\n<p>1. Stocker les informations dans sa base de donn\u00e9es ;<br>2. R\u00e9aliser des t\u00e2ches administratives et g\u00e9rer des d\u00e9marches (demandes, plaintes, r\u00e9clamations) ;<br>3. Inviter \u00e0 des \u00e9v\u00e9nements et proposer de nouveaux produits et services ;<br>4. R\u00e9aliser des analyses d\u2019informations pour la vente d\u2019abonnements et de contenus premium cibl\u00e9s ;<br>5. \u00c9laborer des profils d\u2019audience et de trafic du site, incluant des informations comme les horaires de consultation, les pages visit\u00e9es, le temps pass\u00e9 sur le site, et d\u2019autres donn\u00e9es pertinentes pour am\u00e9liorer le service ;<br>6. R\u00e9aliser des analyses d\u2019opinion, de march\u00e9 ou de consommation \u00e0 partir des donn\u00e9es collect\u00e9es ;<br>7. R\u00e9aliser des enqu\u00eates de satisfaction concernant les contenus propos\u00e9s par LANDING PARTNERS ;<br>8. Fournir des informations de contact \u00e0 la force commerciale ou au r\u00e9seau de distribution, marketing par tout moyen, \u00e9tudes de march\u00e9, ou \u00e0 tout tiers ayant un lien contractuel avec LANDING PARTNERS pour ce type d\u2019activit\u00e9s ;<br>9. Contacter le Titulaire par des moyens \u00e9lectroniques (SMS, chat ou e-mail) pour l\u2019envoi de contenus ou de campagnes de fid\u00e9lisation ou d\u2019am\u00e9lioration du service ;<br>10. Utiliser l\u2019information \u00e0 des fins commerciales, y compris, mais sans s\u2019y limiter, \u00e0 de la publicit\u00e9, des campagnes marketing, la pr\u00e9sentation de produits et services susceptibles d'int\u00e9resser l\u2019utilisateur ;<br>11. Contacter le Titulaire via des moyens \u00e9lectroniques pour l\u2019envoi de contenus en g\u00e9n\u00e9ral et de campagnes de fid\u00e9lisation ;<br>12. Transmettre les donn\u00e9es personnelles \u00e0 l\u2019\u00e9tranger \u00e0 des tiers avec lesquels LANDING PARTNERS a sign\u00e9 un contrat de traitement des donn\u00e9es et \u00e0 qui ces informations doivent \u00eatre transmises pour l\u2019ex\u00e9cution du contrat ;<br>13. R\u00e9aliser la cession ou le licenciement des bases de donn\u00e9es de LANDING PARTNERS.<\/p>\n<p><strong>3. PRINCIPES<\/strong><\/p>\n<p><strong>3.1 PRINCIPES DE TRAITEMENT DES DONN\u00c9ES PERSONNELLES<br><\/strong><br>LANDING PARTNERS traitera les Donn\u00e9es Personnelles dans le strict respect des lois de la R\u00e9publique de Colombie, notamment la Loi 1581 de 2012, le D\u00e9cret 1377 de 2013 et les autres lois qui les compl\u00e8tent ou les modifient. Le Traitement sera \u00e9galement r\u00e9gi par les principes suivants :<\/p>\n<p>14. Principe de finalit\u00e9 : le Traitement des Donn\u00e9es Personnelles par LANDING PARTNERS ob\u00e9ira toujours \u00e0 une finalit\u00e9 l\u00e9gitime et l\u00e9gale, laquelle sera communiqu\u00e9e au Titulaire.<br>15. Principe de libert\u00e9 : le Traitement ne peut \u00eatre effectu\u00e9 qu\u2019avec le consentement pr\u00e9alable, expr\u00e8s et \u00e9clair\u00e9 du Titulaire. Les Donn\u00e9es Personnelles ne peuvent \u00eatre obtenues ni divulgu\u00e9es sans autorisation ou sans obligation l\u00e9gale ou judiciaire.<br>16. Principe de v\u00e9racit\u00e9 : les donn\u00e9es trait\u00e9es doivent \u00eatre exactes, compl\u00e8tes, \u00e0 jour, v\u00e9rifiables et compr\u00e9hensibles, selon les donn\u00e9es fournies par le Titulaire.<br>17. Principe de transparence : le Titulaire a le droit d\u2019obtenir, \u00e0 tout moment et sans restrictions, des informations sur l\u2019existence et le traitement de ses donn\u00e9es par LANDING PARTNERS.<br>18. Principe d\u2019acc\u00e8s et de circulation restreinte : le Traitement des Donn\u00e9es Personnelles est soumis aux limites de leur nature, \u00e0 la loi et \u00e0 la Constitution. Le traitement ne pourra \u00eatre effectu\u00e9 que par LANDING PARTNERS ou ses partenaires contractuels. Les donn\u00e9es ne seront pas disponibles sur Internet ou tout autre moyen public de diffusion, sauf si un contr\u00f4le d\u2019acc\u00e8s technique est mis en place.<br>19. Principe de s\u00e9curit\u00e9 : les informations doivent \u00eatre trait\u00e9es avec des mesures techniques, humaines et administratives n\u00e9cessaires pour garantir la s\u00e9curit\u00e9 des donn\u00e9es, en \u00e9vitant leur alt\u00e9ration, perte ou acc\u00e8s non autoris\u00e9.<br>20. Principe de confidentialit\u00e9 : toutes les personnes intervenant dans le traitement des Donn\u00e9es Personnelles sont tenues de garder la confidentialit\u00e9, m\u00eame apr\u00e8s la fin de leur relation avec LANDING PARTNERS.<\/p>\n<p><strong>4. AUTORISATION POUR LE TRAITEMENT DES DONN\u00c9ES PERSONNELLES<\/strong><br><strong>4.1 AUTORISATION<br><\/strong><br>Sans pr\u00e9judice des exceptions pr\u00e9vues par la Loi 1581 de 2012, LANDING PARTNERS exigera toujours l'autorisation pr\u00e9alable et inform\u00e9e du Titulaire pour le Traitement de ses Donn\u00e9es Personnelles, conform\u00e9ment aux finalit\u00e9s \u00e9tablies dans&nbsp;<span style=\"font-size: 1rem;\">la pr\u00e9sente Politique. L'autorisation du Titulaire pourra \u00eatre obtenue ou accord\u00e9e par tout moyen et pourra toujours faire l'objet d'une consultation ult\u00e9rieure par le Titulaire. L'autorisation du Titulaire ne sera pas n\u00e9cessaire dans les cas suivants :<\/span><\/p>\n<p>21. Informations requises par une entit\u00e9 publique ou administrative dans l'exercice de ses fonctions l\u00e9gales ou par ordonnance judiciaire.<br>22. Donn\u00e9es de nature publique.<br>23. Cas d'urgence m\u00e9dicale ou sanitaire.<br>24. Traitement d'informations autoris\u00e9 par la loi \u00e0 des fins historiques, statistiques ou scientifiques.<br>25. Donn\u00e9es li\u00e9es \u00e0 l'\u00c9tat civil des personnes.<\/p>\n<p><strong>4.2 PREUVE DE L'AUTORISATION<br><\/strong><br>LANDING PARTNERS adoptera les mesures technologiques ou m\u00e9caniques n\u00e9cessaires pour conserver un enregistrement des autorisations accord\u00e9es par les Titulaires, ainsi que la preuve de la date et de la mani\u00e8re dont l'autorisation a \u00e9t\u00e9 obtenue.<\/p>\n<p><strong>4.3 R\u00c9VOCATION DE L'AUTORISATION<br><\/strong><br>Les Titulaires pourront, \u00e0 tout moment, demander \u00e0 LANDING PARTNERS la suppression de leurs Donn\u00e9es Personnelles ou la r\u00e9vocation de l'autorisation accord\u00e9e pour leur Traitement, par la pr\u00e9sentation d'une r\u00e9clamation, conform\u00e9ment \u00e0 ce qui est \u00e9tabli dans la pr\u00e9sente politique. La demande de suppression des informations et la r\u00e9vocation de l'autorisation ne s'appliqueront pas lorsque le Titulaire a une obligation l\u00e9gale ou contractuelle de rester dans la base de donn\u00e9es de LANDING PARTNERS.<\/p>\n<p><strong>5. DROITS ET DEVOIRS<br><\/strong><br><strong>5.1 DROITS DES TITULAIRES<br><\/strong><br>Le Titulaire des Donn\u00e9es Personnelles a le droit de :<br>26. Conna\u00eetre, mettre \u00e0 jour et rectifier ses donn\u00e9es personnelles stock\u00e9es par LANDING PARTNERS. Ce droit peut \u00eatre exerc\u00e9, entre autres, face \u00e0 des donn\u00e9es partielles, inexactes, incompl\u00e8tes, fragment\u00e9es, induisant en erreur ou dont le Traitement est express\u00e9ment interdit ou non autoris\u00e9.<br>27. Demander une preuve de l'autorisation pour le Traitement des Donn\u00e9es Personnelles accord\u00e9e \u00e0 LANDING PARTNERS.<br>28. \u00catre inform\u00e9 par LANDING PARTNERS ou par le Responsable du Traitement, sur demande pr\u00e9alable, de l'utilisation qui a \u00e9t\u00e9 faite de ses donn\u00e9es personnelles.<br>29. D\u00e9poser des plaintes aupr\u00e8s de la Surintendance de l'Industrie et du Commerce pour infractions aux dispositions en vigueur sur la protection des donn\u00e9es personnelles.<br>30. R\u00e9voquer l'autorisation et\/ou demander la suppression de la donn\u00e9e lorsque le Traitement ne respecte pas les principes, droits et garanties constitutionnels et l\u00e9gaux. La r\u00e9vocation et\/ou la suppression s'appliqueront lorsque la Surintendance de l'Industrie et du Commerce aura d\u00e9termin\u00e9 que dans le Traitement des donn\u00e9es, LANDING PARTNERS a enfreint la loi ou la Constitution.&nbsp;<span style=\"font-size: 1rem;\">LANDING PARTNERS han incurrido en conductas contrarias a esta ley y a la Constituci\u00f3n;<br><\/span><span style=\"font-size: 1rem;\">31. Acc\u00e9der gratuitement \u00e0 ses donn\u00e9es personnelles faisant l'objet de Traitement.<br><\/span><span style=\"font-size: 1rem;\">32. S'abstenir de r\u00e9pondre aux questions sur les donn\u00e9es sensibles. Les r\u00e9ponses concernant les donn\u00e9es sensibles ou les donn\u00e9es des enfants et adolescents seront facultatives.<\/span><\/p>\n<p><b>5.2 L\u00c9GITIMATION POUR L'EXERCICE DES DROITS DU TITULAIRE<br><br><\/b>Les droits du Titulaire pourront \u00eatre exerc\u00e9s par :<\/p>\n<p>33. Le Titulaire lui-m\u00eame, qui devra prouver son identit\u00e9 au moyen de sa carte d'identit\u00e9 ou d'un document \u00e9quivalent.<br>34. Ses ayants droit, qui devront prouver cette qualit\u00e9 par l'acte d'\u00e9tat civil correspondant.<br>35. Le repr\u00e9sentant et\/ou le mandataire du Titulaire, avec preuve de la repr\u00e9sentation ou de la procuration.<\/p>\n<p><br><b>5.3 DEVOIRS ET OBLIGATIONS DE LANDING PARTNERS<br><br><\/b>Conform\u00e9ment \u00e0 l'article 17 de la Loi 1581 de 2012, LANDING PARTNERS s'engage, en tant que Responsable du Traitement des Donn\u00e9es Personnelles, \u00e0 respecter les devoirs suivants :<br>36. Garantir au Titulaire, en tout temps, l'exercice plein et effectif du droit \u00e0 l'habeas data.<br>37. Demander et conserver, dans les conditions pr\u00e9vues par la Loi 1581 de 2012, une copie de l'autorisation donn\u00e9e par le Titulaire.<br>38. Informer correctement le Titulaire de la finalit\u00e9 de la collecte et des droits qui lui sont conf\u00e9r\u00e9s.<br>39. Conserver l'information avec les mesures de s\u00e9curit\u00e9 n\u00e9cessaires pour \u00e9viter son alt\u00e9ration, perte, consultation, usage ou acc\u00e8s non autoris\u00e9 ou frauduleux.<br>40. Veiller \u00e0 ce que l'information fournie au Responsable du Traitement soit compl\u00e8te, exacte, mise \u00e0 jour, v\u00e9rifiable et compr\u00e9hensible.<br>41. Mettre \u00e0 jour les donn\u00e9es et communiquer les nouveaut\u00e9s signal\u00e9es par les Titulaires au Responsable du Traitement, et prendre les mesures n\u00e9cessaires pour que les informations restent \u00e0 jour.<br>42. Rectifier les informations inexactes \u00e0 la demande du Titulaire et informer le Responsable du Traitement.<br>43. Fournir uniquement des donn\u00e9es autoris\u00e9es pour le Traitement.<br>44. Exiger du Responsable du Traitement le respect des conditions de s\u00e9curit\u00e9 et de confidentialit\u00e9 des donn\u00e9es du Titulaire.<\/p>\n<p>45. Traiter les consultations et r\u00e9clamations conform\u00e9ment \u00e0 la Loi 1581 de 2012.<br>46. Informer le Responsable du Traitement lorsqu'une information est en litige, apr\u00e8s d\u00e9p\u00f4t d'une r\u00e9clamation.<br>47. Informer, sur demande du Titulaire, de l'utilisation et du Traitement de ses donn\u00e9es.<br>48. Informer l'autorit\u00e9 de protection des donn\u00e9es en cas de violation des codes de s\u00e9curit\u00e9 et des risques li\u00e9s \u00e0 l'administration des donn\u00e9es.<br>49. Se conformer aux instructions de la Surintendance de l'Industrie et du Commerce.<\/p>\n<p><br><b>5.4 DEVOIRS DU RESPONSABLE DU TRAITEMENT DE L\u2019INFORMATION<br><br><\/b>Conform\u00e9ment \u00e0 l\u2019article 18 de la Loi 1581 de 2012, LANDING PARTNERS ou la personne d\u00e9sign\u00e9e \u00e0 cet effet s\u2019engage, en qualit\u00e9 de Responsable du Traitement des Donn\u00e9es Personnelles, \u00e0 remplir les devoirs suivants :<br>50. Garantir au Titulaire, \u00e0 tout moment, l\u2019exercice plein et effectif du droit \u00e0 l\u2019habeas data.<br>51. Conserver les informations avec les mesures de s\u00e9curit\u00e9 n\u00e9cessaires pour \u00e9viter leur alt\u00e9ration, perte, consultation, utilisation ou acc\u00e8s non autoris\u00e9 ou frauduleux.<br>52. Mettre \u00e0 jour, rectifier ou supprimer les donn\u00e9es dans les d\u00e9lais pr\u00e9vus par la Loi 1581 de 2012.<br>53. Traiter les demandes et r\u00e9clamations formul\u00e9es par le Titulaire dans les d\u00e9lais pr\u00e9vus par la Loi 1581 de 2012.<br>54. Ins\u00e9rer dans la base de donn\u00e9es la mention \u00ab information en litige judiciaire \u00bb une fois notifi\u00e9 par une autorit\u00e9 comp\u00e9tente de proc\u00e9dures judiciaires li\u00e9es \u00e0 la qualit\u00e9 de la donn\u00e9e personnelle.<br>55.S\u2019abstenir de diffuser des informations contest\u00e9es par le Titulaire et dont le blocage a \u00e9t\u00e9 ordonn\u00e9 par la Surintendance de l\u2019Industrie et du Commerce.<br>56. Permettre l\u2019acc\u00e8s \u00e0 l\u2019information uniquement aux personnes autoris\u00e9es conform\u00e9ment \u00e0 la Loi 1581 de 2012.<br>57. Se conformer aux instructions et exigences de la Surintendance de l\u2019Industrie et du Commerce.<\/p>\n<p><b>6. DEMANDES, PLAINTES ET R\u00c9CLAMATIONS<br>6.1 TRAITEMENT DES DEMANDES, PLAINTES ET R\u00c9CLAMATIONS<\/b><\/p>\n<p><\/p>\n<p><b><\/b>Le Titulaire des Donn\u00e9es Personnelles peut exercer les droits \u00e9tablis au paragraphe 8.1 de cette Politique ainsi que ceux pr\u00e9vus par la loi et la Constitution, \u00e0 travers les canaux ou moyens mis \u00e0 disposition par LANDING PARTNERS pour l'attention au public, notamment l\u2019adresse \u00e9lectronique andres.rincon@landingpartners.co, dont les informations peuvent \u00eatre consult\u00e9es sur www.landingpartners.co. Ces moyens sont disponibles du lundi au vendredi de 8h00 \u00e0&nbsp;<span style=\"font-size: 1rem;\">18h00, pour traiter les demandes, consultations et r\u00e9clamations li\u00e9es au traitement des Donn\u00e9es Personnelles.&nbsp;<\/span><span style=\"font-size: 1rem;\">le traitement des donn\u00e9es personnelles. Vous pouvez \u00e9galement utiliser la rubrique \u00ab\u00a0Contactez-nous\u00a0\u00bb du site web www.landingpartners.co.<\/span><\/p><p>6.2 PROC\u00c9DURE D\u2019EXERCICE DU DROIT D\u2019HABEAS DATA\nLe Titulaire des Donn\u00e9es Personnelles pr\u00e9sentes dans les bases de donn\u00e9es de LANDING PARTNERS, ou ses ayants droit, peuvent pr\u00e9senter des demandes, plaintes et r\u00e9clamations pour exercer les droits pr\u00e9vus au paragraphe 8.1 de ce document, en ce qui concerne les donn\u00e9es fournies, selon les dispositions l\u00e9gales applicables. Toute demande de consultation, de correction, de mise \u00e0 jour ou de suppression devra \u00eatre pr\u00e9sent\u00e9e par \u00e9crit ou par courrier \u00e9lectronique et devra contenir les informations suivantes :<br>58. Nom complet et pr\u00e9noms ;<br>59. Coordonn\u00e9es de contact (adresse physique et\/ou \u00e9lectronique et num\u00e9ros de t\u00e9l\u00e9phone) ;<br>60. Moyens pour recevoir une r\u00e9ponse \u00e0 la demande ;<br>61. Motifs et faits donnant lieu \u00e0 la r\u00e9clamation avec une br\u00e8ve description du droit que vous souhaitez exercer (conna\u00eetre, mettre \u00e0 jour, rectifier, demander une preuve de l\u2019autorisation, la r\u00e9voquer, supprimer, acc\u00e9der \u00e0 l\u2019information) ;<br>6.2 Signature (si applicable) et num\u00e9ro d\u2019identification ;\n\nLes consultations seront trait\u00e9es par LANDING PARTNERS dans un d\u00e9lai maximum de quinze (15) jours ouvrables \u00e0 compter de la date de r\u00e9ception de la demande correspondante. Si la demande ne peut \u00eatre trait\u00e9e dans ce d\u00e9lai, le demandeur en sera inform\u00e9, avec les motifs du retard et la date pr\u00e9vue de r\u00e9ponse, laquelle ne pourra exc\u00e9der huit (8) jours ouvrables apr\u00e8s l\u2019expiration du premier d\u00e9lai.\n\nLANDING PARTNERS pourra envoyer la r\u00e9ponse \u00e0 la consultation ou \u00e0 la r\u00e9clamation par courrier \u00e9lectronique ou courrier certifi\u00e9. Une fois les d\u00e9lais \u00e9tablis par la Loi 1581 de 2012 et les autres normes en vigueur respect\u00e9s, si l\u2019exercice des droits d\u2019acc\u00e8s, de mise \u00e0 jour, de rectification, de suppression ou de r\u00e9vocation est refus\u00e9 totalement ou partiellement, le Titulaire pourra soumettre son cas \u00e0 la D\u00e9l\u00e9gation pour la Protection des Donn\u00e9es Personnelles de la Surintendance de l\u2019Industrie et du Commerce.<br>Le Titulaire ou les personnes l\u00e9gitim\u00e9es pour exercer ses droits doivent avoir \u00e9puis\u00e9 la proc\u00e9dure de consultation aupr\u00e8s de LANDING PARTNERS avant de d\u00e9poser toute plainte aupr\u00e8s de la Surintendance de l\u2019Industrie et du Commerce.<\/p>\n<p><b>7. DISPOSITIONS DIVERSES<br>7.1 PUBLICATION DES POLITIQUES<\/b><\/p>\n<p>La pr\u00e9sente politique sera mise \u00e0 la disposition du public sur le site web suivant : www.landingpartners.co<\/p>\n<p><strong>7.2 MODIFICATIONS DES POLITIQUES<\/strong><\/p>\n<p>La pr\u00e9sente politique pourra \u00eatre modifi\u00e9e par LANDING PARTNERS avec un pr\u00e9avis aux Titulaires des Donn\u00e9es Personnelles. Ces modifications seront publi\u00e9es sur le site web mentionn\u00e9. LANDING PARTNERS informera les Titulaires de toute modification de la Politique de Traitement au moins cinq (5) jours ouvrables avant son entr\u00e9e en vigueur. Si le Titulaire n\u2019est pas d\u2019accord avec les modifications apport\u00e9es, il aura le droit de demander la suppression de ses Donn\u00e9es Personnelles conform\u00e9ment \u00e0 la proc\u00e9dure d\u00e9crite au paragraphe 7.2.<\/p>\n<p><strong>8. DUR\u00c9E DE VALIDIT\u00c9<br><\/strong><br>Date d\u2019entr\u00e9e en vigueur et dur\u00e9e. La pr\u00e9sente Politique de Traitement entre en vigueur le 1er ao\u00fbt 2025, et restera en vigueur tant que les informations seront conserv\u00e9es et utilis\u00e9es pour les finalit\u00e9s d\u00e9crites dans cette politique. Une fois ces finalit\u00e9s remplies et en l\u2019absence d\u2019obligation l\u00e9gale ou contractuelle de conservation, les donn\u00e9es seront supprim\u00e9es de nos bases de donn\u00e9es.<\/p>\t\t\t\t\t\t\t\t<\/div>\n\t\t\t\t<\/div>\n\t\t\t\t\t<\/div>\n\t\t\t\t<\/div>\n\t\t\t\t<\/div>","protected":false},"excerpt":{"rendered":"<p>Pol\u00edtica de Tratamiento de Datos Personales Por medio del presente documento LANDING PARTNERS S.A.S., en cumplimiento de las disposiciones de la Ley 1581 de 2012 y el Decreto 1377 de 2013, establece la Pol\u00edtica de Tratamiento de Datos Personales (en adelante la \u201cPol\u00edtica\u201d), por medio de las cuales determinar\u00e1 los criterios para su recolecci\u00f3n, almacenamiento, [&hellip;]<\/p>","protected":false},"author":1,"featured_media":0,"parent":0,"menu_order":0,"comment_status":"closed","ping_status":"closed","template":"","meta":{"footnotes":""},"class_list":["post-2032","page","type-page","status-publish","hentry"],"_links":{"self":[{"href":"https:\/\/landingpartners.co\/fr\/wp-json\/wp\/v2\/pages\/2032","targetHints":{"allow":["GET"]}}],"collection":[{"href":"https:\/\/landingpartners.co\/fr\/wp-json\/wp\/v2\/pages"}],"about":[{"href":"https:\/\/landingpartners.co\/fr\/wp-json\/wp\/v2\/types\/page"}],"author":[{"embeddable":true,"href":"https:\/\/landingpartners.co\/fr\/wp-json\/wp\/v2\/users\/1"}],"replies":[{"embeddable":true,"href":"https:\/\/landingpartners.co\/fr\/wp-json\/wp\/v2\/comments?post=2032"}],"version-history":[{"count":64,"href":"https:\/\/landingpartners.co\/fr\/wp-json\/wp\/v2\/pages\/2032\/revisions"}],"predecessor-version":[{"id":2231,"href":"https:\/\/landingpartners.co\/fr\/wp-json\/wp\/v2\/pages\/2032\/revisions\/2231"}],"wp:attachment":[{"href":"https:\/\/landingpartners.co\/fr\/wp-json\/wp\/v2\/media?parent=2032"}],"curies":[{"name":"wp","href":"https:\/\/api.w.org\/{rel}","templated":true}]}}